{"id":1598,"date":"2023-03-16T12:33:05","date_gmt":"2023-03-16T12:33:05","guid":{"rendered":"https:\/\/tecnologia.vamtam.com\/?page_id=1598"},"modified":"2024-03-18T08:03:15","modified_gmt":"2024-03-18T08:03:15","slug":"digital-transformation","status":"publish","type":"page","link":"https:\/\/delve.ro\/ro\/solutions\/digital-transformation\/","title":{"rendered":"Transformare Digital\u0103"},"content":{"rendered":"<div data-elementor-type=\"wp-page\" data-elementor-id=\"1598\" class=\"elementor elementor-1598\" data-elementor-post-type=\"page\">\n\t\t\t\t\t\t<section class=\"elementor-section elementor-top-section elementor-element elementor-element-288f47aa elementor-section-content-middle elementor-reverse-mobile elementor-section-boxed elementor-section-height-default elementor-section-height-default\" data-id=\"288f47aa\" data-element_type=\"section\" data-e-type=\"section\">\n\t\t\t\t\t\t<div class=\"elementor-container elementor-column-gap-no\">\n\t\t\t\t\t<div class=\"elementor-column elementor-col-50 elementor-top-column elementor-element elementor-element-52204a00\" data-id=\"52204a00\" data-element_type=\"column\" data-e-type=\"column\">\n\t\t\t<div class=\"elementor-widget-wrap elementor-element-populated\">\n\t\t\t\t\t\t<div class=\"elementor-element elementor-element-5f8722d7 elementor-widget__width-initial elementor-widget elementor-widget-heading\" data-id=\"5f8722d7\" data-element_type=\"widget\" data-e-type=\"widget\" data-widget_type=\"heading.default\">\n\t\t\t\t<div class=\"elementor-widget-container\">\n\t\t\t\t\t<h3 class=\"elementor-heading-title elementor-size-default\">Transformarea Digital\u0103 la CIBS reprezint\u0103 o abordare strategic\u0103 menit\u0103 s\u0103 ajute afacerile s\u0103 evolueze \u0219i s\u0103 prospere \u00eentr-un peisaj digital aflat \u00een continu\u0103 schimbare. <\/h3>\t\t\t\t<\/div>\n\t\t\t\t<\/div>\n\t\t\t\t<div class=\"elementor-element elementor-element-17c04dd7 elementor-widget elementor-widget-text-editor\" data-id=\"17c04dd7\" data-element_type=\"widget\" data-e-type=\"widget\" data-widget_type=\"text-editor.default\">\n\t\t\t\t<div class=\"elementor-widget-container\">\n\t\t\t\t\t\t\t\t\t<br><\/br>Portofoliul nostru complet de servicii de transformare digital\u0103 este conceput pentru a sprijini organiza\u021biile s\u0103 adopte inova\u021bia, s\u0103 \u00ee\u0219i optimizeze opera\u021biunile \u0219i s\u0103 ofere experien\u021be excep\u021bionale clien\u021bilor.Cum faciliteaz\u0103 CIBS Transformarea Digital\u0103:\n<ul>\n \t<li><b>Consultan\u021b\u0103 Strategic\u0103: <\/b><br>\n\n   La CIBS, procesul de transformare digital\u0103 \u00eencepe cu o \u00een\u021belegere profund\u0103 a obiectivelor, provoc\u0103rilor \u0219i oportunit\u0103\u021bilor unice ale fiec\u0103rui client.Echipa noastr\u0103 de exper\u021bi colaboreaz\u0103 \u00eendeaproape cu afacerile pentru a dezvolta o strategie personalizat\u0103 de transformare digital\u0103, aliniat\u0103 perfect cu viziunea \u0219i obiectivele companiei.<\/li>\n \t<li><b>Integrare Tehnologic\u0103:  <\/b><br>\n\nPrin valorificarea celor mai avansate tehnologii digitale, CIBS sprijin\u0103 organiza\u021biile \u00een integrarea solu\u021biilor digitale \u00een infrastructura existent\u0103. Implement\u0103m solu\u021bii tehnologice adaptate pentru a stimula schimbarea \u0219i evolu\u021bia digital\u0103 a afacerii tale.<\/li>\n \t<li><b>Optimizarea Proceselor:  <\/b><br>\n\n  La CIBS, identific\u0103m procesele \u0219i fluxurile de lucru ineficiente din cadrul organiza\u021biilor \u0219i le reproiect\u0103m pentru a deveni mai agile, automatizate \u0219i bazate pe date. Prin optimizarea proceselor, ajut\u0103m companiile s\u0103 \u00ee\u0219i \u00eembun\u0103t\u0103\u021beasc\u0103 productivitatea, s\u0103 reduc\u0103 costurile \u0219i s\u0103 accelereze lansarea pe pia\u021b\u0103.<\/li>\n \t<li><b>\u00cembun\u0103t\u0103\u021birea Experien\u021bei Clien\u021bilor:  <\/b><br>\n\n La CIBS, punem un accent deosebit pe \u00eembun\u0103t\u0103\u021birea experien\u021bei clien\u021bilor \u00een toate punctele de contact. Dezvolt\u0103m solu\u021bii care transform\u0103 interac\u021biunile cu brandul \u00eentr-o experien\u021b\u0103 memorabil\u0103 \u0219i pl\u0103cut\u0103, contribuind astfel la fidelizarea clien\u021bilor \u0219i consolidarea imaginii de brand.<\/li>\n \t<li><b>Analiz\u0103 de Date \u0219i Insight-uri Valoroase:  <\/b><br>\n \n Capabilit\u0103\u021bile noastre avansate de analiz\u0103 a datelor permit organiza\u021biilor s\u0103 valorifice puterea informa\u021biilor pentru a lua decizii strategice \u0219i informate. La CIBS, implement\u0103m solu\u021bii de analiz\u0103 avansat\u0103 pentru a genera insight-uri ac\u021bionabile, a identifica tendin\u021be \u0219i a descoperi noi oportunit\u0103\u021bi de cre\u0219tere.<\/li>\n \t<li><b>Managementul Schimb\u0103rii \u0219i Programe de Instruire:  <\/b><br>\n\n  Recunosc\u00e2nd rolul esen\u021bial al oamenilor \u00een procesul de transformare digital\u0103, CIBS ofer\u0103 suport complet pentru managementul schimb\u0103rii \u0219i programe de instruire specializate. Ne asigur\u0103m c\u0103 angaja\u021bii sunt preg\u0103ti\u021bi s\u0103 adopte noile tehnologii \u0219i s\u0103 \u00ee\u0219i adapteze modul de lucru pentru a sus\u021bine evolu\u021bia companiei.<\/li>\n \t<li><b>Securitate Cibernetic\u0103 \u0219i Conformitate:  <\/b><br>\n\n   Securitatea este fundamentul ini\u021biativelor noastre de transformare digital\u0103. CIBS implementeaz\u0103 m\u0103suri solide de securitate cibernetic\u0103 \u0219i asigur\u0103 conformitatea cu cerin\u021bele de reglementare pentru a proteja activele digitale \u0219i datele sensibile ale organiza\u021biei.<\/li>\n<\/ul>\t\t\t\t\t\t\t\t<\/div>\n\t\t\t\t<\/div>\n\t\t\t\t\t<\/div>\n\t\t<\/div>\n\t\t\t\t<div class=\"elementor-column elementor-col-50 elementor-top-column elementor-element elementor-element-5af171ce\" data-id=\"5af171ce\" data-element_type=\"column\" data-e-type=\"column\" data-settings=\"{&quot;background_background&quot;:&quot;classic&quot;}\">\n\t\t\t<div class=\"elementor-widget-wrap elementor-element-populated\">\n\t\t\t\t\t\t<div class=\"elementor-element elementor-element-569776ff elementor-widget elementor-widget-spacer\" data-id=\"569776ff\" data-element_type=\"widget\" data-e-type=\"widget\" data-widget_type=\"spacer.default\">\n\t\t\t\t<div class=\"elementor-widget-container\">\n\t\t\t\t\t\t\t<div class=\"elementor-spacer\">\n\t\t\t<div class=\"elementor-spacer-inner\"><\/div>\n\t\t<\/div>\n\t\t\t\t\t\t<\/div>\n\t\t\t\t<\/div>\n\t\t\t\t\t<\/div>\n\t\t<\/div>\n\t\t\t\t\t<\/div>\n\t\t<\/section>\n\t\t\t\t<\/div>","protected":false},"excerpt":{"rendered":"<p>De ce s\u0103 angajezi o singur\u0103 persoan\u0103 IT, c\u00e2nd po\u021bi avea o echip\u0103 \u00eentreag\u0103 de exper\u021bi IT la o frac\u021biune din cost?<\/p>","protected":false},"author":2,"featured_media":0,"parent":465,"menu_order":0,"comment_status":"closed","ping_status":"closed","template":"","meta":{"footnotes":""},"class_list":["post-1598","page","type-page","status-publish","hentry"],"_links":{"self":[{"href":"https:\/\/delve.ro\/ro\/wp-json\/wp\/v2\/pages\/1598","targetHints":{"allow":["GET"]}}],"collection":[{"href":"https:\/\/delve.ro\/ro\/wp-json\/wp\/v2\/pages"}],"about":[{"href":"https:\/\/delve.ro\/ro\/wp-json\/wp\/v2\/types\/page"}],"author":[{"embeddable":true,"href":"https:\/\/delve.ro\/ro\/wp-json\/wp\/v2\/users\/2"}],"replies":[{"embeddable":true,"href":"https:\/\/delve.ro\/ro\/wp-json\/wp\/v2\/comments?post=1598"}],"version-history":[{"count":0,"href":"https:\/\/delve.ro\/ro\/wp-json\/wp\/v2\/pages\/1598\/revisions"}],"up":[{"embeddable":true,"href":"https:\/\/delve.ro\/ro\/wp-json\/wp\/v2\/pages\/465"}],"wp:attachment":[{"href":"https:\/\/delve.ro\/ro\/wp-json\/wp\/v2\/media?parent=1598"}],"curies":[{"name":"wp","href":"https:\/\/api.w.org\/{rel}","templated":true}]}}