{"id":1602,"date":"2023-03-16T12:33:52","date_gmt":"2023-03-16T12:33:52","guid":{"rendered":"https:\/\/tecnologia.vamtam.com\/?page_id=1602"},"modified":"2024-03-18T08:01:13","modified_gmt":"2024-03-18T08:01:13","slug":"automation","status":"publish","type":"page","link":"https:\/\/delve.ro\/ro\/solutions\/automation\/","title":{"rendered":"Automatizare"},"content":{"rendered":"<div data-elementor-type=\"wp-page\" data-elementor-id=\"1602\" class=\"elementor elementor-1602\" data-elementor-post-type=\"page\">\n\t\t\t\t\t\t<section class=\"elementor-section elementor-top-section elementor-element elementor-element-499a33d0 elementor-section-content-middle elementor-reverse-mobile elementor-section-boxed elementor-section-height-default elementor-section-height-default\" data-id=\"499a33d0\" data-element_type=\"section\" data-e-type=\"section\">\n\t\t\t\t\t\t<div class=\"elementor-container elementor-column-gap-no\">\n\t\t\t\t\t<div class=\"elementor-column elementor-col-50 elementor-top-column elementor-element elementor-element-679f1145\" data-id=\"679f1145\" data-element_type=\"column\" data-e-type=\"column\">\n\t\t\t<div class=\"elementor-widget-wrap elementor-element-populated\">\n\t\t\t\t\t\t<div class=\"elementor-element elementor-element-2555fb3a elementor-widget__width-initial elementor-widget elementor-widget-heading\" data-id=\"2555fb3a\" data-element_type=\"widget\" data-e-type=\"widget\" data-widget_type=\"heading.default\">\n\t\t\t\t<div class=\"elementor-widget-container\">\n\t\t\t\t\t<h3 class=\"elementor-heading-title elementor-size-default\">Automatizarea este o component\u0103 esen\u021bial\u0103 a opera\u021biunilor de afaceri moderne, permi\u021b\u00e2nd organiza\u021biilor s\u0103 \u00ee\u0219i optimizeze procesele, s\u0103 creasc\u0103 eficien\u021ba \u0219i s\u0103 reduc\u0103 volumul de munc\u0103 manual\u0103 prin utilizarea tehnologiei. <\/h3>\t\t\t\t<\/div>\n\t\t\t\t<\/div>\n\t\t\t\t<div class=\"elementor-element elementor-element-e119bb4 elementor-widget elementor-widget-text-editor\" data-id=\"e119bb4\" data-element_type=\"widget\" data-e-type=\"widget\" data-widget_type=\"text-editor.default\">\n\t\t\t\t<div class=\"elementor-widget-container\">\n\t\t\t\t\t\t\t\t\t<br>La CIBS, valorific\u0103m solu\u021biile de automatizare pentru a sprijini afacerile s\u0103 \u00ee\u0219i optimizeze opera\u021biunile, s\u0103 \u00ee\u0219i \u00eembun\u0103t\u0103\u021beasc\u0103 productivitatea \u0219i s\u0103 accelereze inova\u021bia. Iat\u0103 cum abord\u0103m automatizarea la CIBS:\n<ul>\n \t<li><b>Analiza \u0219i Identificarea Proceselor:<\/b><br>\n\u00cencepem prin analizarea proceselor existente ale clien\u021bilor no\u0219tri pentru a identifica sarcinile \u0219i fluxurile de lucru repetitive, consumatoare de timp sau predispuse la erori. Prin \u00een\u021belegerea detaliat\u0103 a opera\u021biunilor lor, putem identifica oportunit\u0103\u021bile de automatizare \u0219i determina cele mai potrivite tehnologii de automatizare pentru nevoile specifice ale fiec\u0103rei organiza\u021bii.<\/li>\n \t<li><b>Dezvoltarea Strategiei de Automatizare:<\/b><br>\nPe baza analizei realizate, colabor\u0103m cu clien\u021bii pentru a dezvolta o strategie de automatizare cuprinz\u0103toare, aliniat\u0103 cu obiectivele \u0219i scopurile lor de afaceri. Fie c\u0103 este vorba de automatizarea sarcinilor administrative de rutin\u0103, a proceselor de introducere a datelor sau a fluxurilor de lucru complexe, ne adapt\u0103m abordarea pentru a r\u0103spunde nevoilor specifice ale fiec\u0103rei organiza\u021bii.<\/li>\n \t<li><b>Automatizarea Proceselor prin Robo\u021bi (RPA):<\/b><br>\nRPA presupune utilizarea robo\u021bilor software sau a \u201ebo\u021bilor\u201d pentru a automatiza sarcini repetitive care erau realizate anterior de oameni. Implement\u0103m solu\u021bii RPA pentru a automatiza procese precum introducerea manual\u0103 a datelor, validarea informa\u021biilor, generarea de rapoarte \u0219i alte activit\u0103\u021bi de rutin\u0103 \u00een diverse departamente. Astfel, angaja\u021bii sunt elibera\u021bi de sarcinile repetitive \u0219i pot s\u0103 se concentreze pe activit\u0103\u021bi cu valoare ad\u0103ugat\u0103.<\/li>\n \t<li><b>Integrarea Sistemelor \u0219i Aplica\u021biilor:<\/b><br>\nMulte organiza\u021bii utilizeaz\u0103 sisteme \u0219i aplica\u021bii disparate care nu comunic\u0103 eficient \u00eentre ele. Integram aceste sisteme folosind instrumente de automatizare \u0219i API-uri pentru a facilita un flux de date continuu \u0219i o orchestrare eficient\u0103 a proceselor. Aceast\u0103 integrare \u00eembun\u0103t\u0103\u021be\u0219te acurate\u021bea datelor, elimin\u0103 izolarea informa\u021bional\u0103 \u0219i cre\u0219te eficien\u021ba opera\u021bional\u0103 general\u0103.<\/li>\n \t<li><b>Automatizarea Fluxurilor de Lucru: <\/b><br>\nAutomatizarea fluxurilor de lucru presupune digitalizarea complet\u0103 a proceselor de afaceri, de la \u00eenceput p\u00e2n\u0103 la final, incluz\u00e2nd atribuirea sarcinilor, fluxurile de aprobare \u0219i notific\u0103rile. Utiliz\u0103m platforme de automatizare a fluxurilor de lucru pentru a simplifica procesele complexe, a asigura consisten\u021ba opera\u021bional\u0103 \u0219i a reduce timpii de execu\u021bie. Aceast\u0103 abordare conduce la o luare mai rapid\u0103 a deciziilor \u0219i la o colaborare \u00eembun\u0103t\u0103\u021bit\u0103 \u00een cadrul echipei.<\/li>\n \t<li><b>Procesarea \u0219i Analiza Datelor:<\/b><br>\nAutomatizarea joac\u0103 un rol esen\u021bial \u00een procesarea \u0219i analiza datelor, permi\u021b\u00e2nd organiza\u021biilor s\u0103 colecteze, s\u0103 analizeze \u0219i s\u0103 ob\u021bin\u0103 informa\u021bii valoroase din volume mari de date \u00een timp real. Implement\u0103m instrumente de automatizare \u0219i algoritmi de \u00eenv\u0103\u021bare automat\u0103 pentru a automatiza extragerea, cur\u0103\u021barea \u0219i vizualizarea datelor. Astfel, sus\u021binem luarea deciziilor bazate pe date \u0219i dezvoltarea de analize predictive, contribuind la identificarea oportunit\u0103\u021bilor \u0219i optimizarea strategiilor de afaceri.<\/li>\n \t<li><b>Monitorizare \u0219i Optimizare Continu\u0103:<\/b><br>\nAutomatizarea nu reprezint\u0103 o implementare unic\u0103, ci necesit\u0103 monitorizare \u0219i optimizare constant\u0103 pentru a asigura eficien\u021ba \u0219i adaptabilitatea la schimb\u0103rile din mediul de afaceri. Oferim servicii de monitorizare continu\u0103 a proceselor automatizate, analiz\u0103m indicatorii de performan\u021b\u0103 \u0219i ajust\u0103m fluxurile de lucru automatizate pentru a maximiza eficien\u021ba \u0219i rentabilitatea investi\u021biei (ROI). Astfel, ne asigur\u0103m c\u0103 solu\u021biile implementate r\u0103m\u00e2n performante \u0219i aliniate cu obiectivele organiza\u021biei.<\/li>\n<\/ul>\nPrin adoptarea automatiz\u0103rii, organiza\u021biile pot atinge excelen\u021ba opera\u021bional\u0103, \u00eembun\u0103t\u0103\u021bi experien\u021bele clien\u021bilor \u0219i ob\u021bine un avantaj competitiv \u00een peisajul de afaceri dinamic de ast\u0103zi. La CIBS, sprijinim clien\u021bii s\u0103 valorifice pe deplin poten\u021bialul automatiz\u0103rii pentru a-\u0219i atinge obiectivele strategice \u0219i a accelera cre\u0219terea afacerii.\t\t\t\t\t\t\t\t<\/div>\n\t\t\t\t<\/div>\n\t\t\t\t\t<\/div>\n\t\t<\/div>\n\t\t\t\t<div class=\"elementor-column elementor-col-50 elementor-top-column elementor-element elementor-element-b860ad0\" data-id=\"b860ad0\" data-element_type=\"column\" data-e-type=\"column\" data-settings=\"{&quot;background_background&quot;:&quot;classic&quot;}\">\n\t\t\t<div class=\"elementor-widget-wrap elementor-element-populated\">\n\t\t\t\t\t\t<div class=\"elementor-element elementor-element-15f25c04 elementor-widget elementor-widget-spacer\" data-id=\"15f25c04\" data-element_type=\"widget\" data-e-type=\"widget\" data-widget_type=\"spacer.default\">\n\t\t\t\t<div class=\"elementor-widget-container\">\n\t\t\t\t\t\t\t<div class=\"elementor-spacer\">\n\t\t\t<div class=\"elementor-spacer-inner\"><\/div>\n\t\t<\/div>\n\t\t\t\t\t\t<\/div>\n\t\t\t\t<\/div>\n\t\t\t\t\t<\/div>\n\t\t<\/div>\n\t\t\t\t\t<\/div>\n\t\t<\/section>\n\t\t\t\t<\/div>","protected":false},"excerpt":{"rendered":"<p>De ce s\u0103 angajezi o singur\u0103 persoan\u0103 IT, c\u00e2nd po\u021bi avea o echip\u0103 \u00eentreag\u0103 de exper\u021bi IT la o frac\u021biune din cost?<\/p>","protected":false},"author":2,"featured_media":0,"parent":465,"menu_order":0,"comment_status":"closed","ping_status":"closed","template":"","meta":{"footnotes":""},"class_list":["post-1602","page","type-page","status-publish","hentry"],"_links":{"self":[{"href":"https:\/\/delve.ro\/ro\/wp-json\/wp\/v2\/pages\/1602","targetHints":{"allow":["GET"]}}],"collection":[{"href":"https:\/\/delve.ro\/ro\/wp-json\/wp\/v2\/pages"}],"about":[{"href":"https:\/\/delve.ro\/ro\/wp-json\/wp\/v2\/types\/page"}],"author":[{"embeddable":true,"href":"https:\/\/delve.ro\/ro\/wp-json\/wp\/v2\/users\/2"}],"replies":[{"embeddable":true,"href":"https:\/\/delve.ro\/ro\/wp-json\/wp\/v2\/comments?post=1602"}],"version-history":[{"count":0,"href":"https:\/\/delve.ro\/ro\/wp-json\/wp\/v2\/pages\/1602\/revisions"}],"up":[{"embeddable":true,"href":"https:\/\/delve.ro\/ro\/wp-json\/wp\/v2\/pages\/465"}],"wp:attachment":[{"href":"https:\/\/delve.ro\/ro\/wp-json\/wp\/v2\/media?parent=1602"}],"curies":[{"name":"wp","href":"https:\/\/api.w.org\/{rel}","templated":true}]}}