{"id":469,"date":"2023-03-13T10:50:28","date_gmt":"2023-03-13T10:50:28","guid":{"rendered":"https:\/\/tecnologia.vamtam.com\/?page_id=469"},"modified":"2026-02-04T01:03:54","modified_gmt":"2026-02-03T22:03:54","slug":"it-consulting-advisory","status":"publish","type":"page","link":"https:\/\/delve.ro\/ro\/solutions\/it-consulting-advisory\/","title":{"rendered":"IT Consulting &amp; Advisory"},"content":{"rendered":"\t\t<div data-elementor-type=\"wp-page\" data-elementor-id=\"469\" class=\"elementor elementor-469\" data-elementor-post-type=\"page\">\n\t\t\t\t\t\t<section class=\"elementor-section elementor-top-section elementor-element elementor-element-4b5d37ad elementor-section-content-middle elementor-reverse-mobile elementor-section-boxed elementor-section-height-default elementor-section-height-default\" data-id=\"4b5d37ad\" data-element_type=\"section\" data-e-type=\"section\">\n\t\t\t\t\t\t<div class=\"elementor-container elementor-column-gap-no\">\n\t\t\t\t\t<div class=\"elementor-column elementor-col-100 elementor-top-column elementor-element elementor-element-43e27377\" data-id=\"43e27377\" data-element_type=\"column\" data-e-type=\"column\">\n\t\t\t<div class=\"elementor-widget-wrap elementor-element-populated\">\n\t\t\t\t\t\t<div class=\"elementor-element elementor-element-7f568b0c elementor-widget elementor-widget-heading\" data-id=\"7f568b0c\" data-element_type=\"widget\" data-e-type=\"widget\" data-widget_type=\"heading.default\">\n\t\t\t\t<div class=\"elementor-widget-container\">\n\t\t\t\t\t<h3 class=\"elementor-heading-title elementor-size-default\">Benefits of IT Consulting &amp; Advisory provided by  Delve<\/h3>\t\t\t\t<\/div>\n\t\t\t\t<\/div>\n\t\t\t\t<div class=\"elementor-element elementor-element-1e9bcab3 elementor-widget elementor-widget-text-editor\" data-id=\"1e9bcab3\" data-element_type=\"widget\" data-e-type=\"widget\" data-widget_type=\"text-editor.default\">\n\t\t\t\t<div class=\"elementor-widget-container\">\n\t\t\t\t\t\t\t\t\t<div class=\"flex-1 overflow-hidden\"><div class=\"react-scroll-to-bottom--css-zsnoo-79elbk h-full\"><div class=\"react-scroll-to-bottom--css-zsnoo-1n7m0yu\"><div class=\"flex flex-col text-sm pb-9\"><div class=\"w-full text-token-text-primary\" data-testid=\"conversation-turn-117\"><div class=\"px-4 py-2 justify-center text-base md:gap-6 m-auto\"><div class=\"flex flex-1 text-base mx-auto gap-3 md:px-5 lg:px-1 xl:px-5 md:max-w-3xl lg:max-w-[40rem] xl:max-w-[48rem] group final-completion\"><div class=\"relative flex w-full flex-col agent-turn\"><div class=\"flex-col gap-1 md:gap-3\"><div class=\"flex flex-grow flex-col max-w-full\"><div class=\"min-h-[20px] text-message flex flex-col items-start gap-3 whitespace-pre-wrap break-words [.text-message+&amp;]:mt-5 overflow-x-auto\" data-message-author-role=\"assistant\" data-message-id=\"341c6992-9d22-48de-8194-bdc255d9fe3e\"><div class=\"markdown prose w-full break-words dark:prose-invert dark\"><p>The IT consulting and advisory services provided by Delve involve offering specialized guidance, advice, and recommendations to clients across various aspects of the IT domain, aimed at helping them achieve their business objectives and overcome challenges encountered. These services are tailored by Delve to address the complex and diverse needs of clients concerning the use of technology to enhance their processes, efficiency, and overall performance.<\/p><p>Essentially, the IT consulting and advisory services offered by Delve cover a wide spectrum of activities, including:<\/p><\/div><\/div><\/div><\/div><\/div><\/div><\/div><\/div><\/div><\/div><\/div><\/div><ul><li><strong>IT Strategy Development:<\/strong> Providing strategic direction in the development and implementation of IT strategies to support the organization&#8217;s business objectives. This entails assessing the client&#8217;s needs and priorities, identifying opportunities for innovation and efficiency, and establishing clear objectives and directions for technology implementation.<\/li><li><strong>Technology Evaluation and Selection:<\/strong> Assisting in evaluating, selecting, and implementing suitable technology solutions tailored to the specific needs of the client. This involves analyzing and comparing various products and services available in the market, evaluating associated benefits and risks, and recommending solutions that offer the greatest benefit to the organization.<\/li><li><strong>Digital Transformation Initiatives:<\/strong> Supporting organizations in transitioning to the digital environment through the implementation of innovative technology initiatives and solutions. This may include digitizing operational processes, adopting cloud computing, implementing analytics and business intelligence solutions, and integrating emerging technologies such as artificial intelligence and the Internet of Things.<\/li><li><strong>Cybersecurity Assessments:<\/strong> Identifying and managing cybersecurity risks to protect the organization&#8217;s data and infrastructure from threats. This involves assessing vulnerabilities and potential threats, implementing appropriate security measures, and developing effective security policies and procedures.<\/li><li><strong>Cloud Computing Strategies:<\/strong> Developing and implementing strategies for leveraging cloud services to enhance operational flexibility and scalability. This includes evaluating the benefits and risks of cloud computing, identifying the most suitable services and providers, and planning and implementing an efficient migration to cloud environments.<\/li><li><p><strong>IT Infrastructure Planning and Optimization:<\/strong> Assisting in the design, implementation, and optimization of IT infrastructure to ensure operational performance and efficiency. This includes designing and configuring networks, servers, and storage systems, implementing virtualization solutions, and optimizing the performance and security of existing infrastructure.<\/p><\/li><li><p><strong>Change Management:<\/strong> Managing and implementing changes within the organization, including staff training and ensuring effective adoption of new technologies. This involves clear communication of the benefits and goals of change, identifying and managing resistance to change, and evaluating and monitoring the impact of change on the organization.<\/p><\/li><\/ul><p>Through these services, organizations can benefit from a strategic partnership with IT experts provided by Delve.<\/p>\t\t\t\t\t\t\t\t<\/div>\n\t\t\t\t<\/div>\n\t\t\t\t<section class=\"elementor-section elementor-inner-section elementor-element elementor-element-37479fb7 elementor-section-boxed elementor-section-height-default elementor-section-height-default\" data-id=\"37479fb7\" data-element_type=\"section\" data-e-type=\"section\">\n\t\t\t\t\t\t<div class=\"elementor-container elementor-column-gap-default\">\n\t\t\t\t\t<div class=\"elementor-column elementor-col-50 elementor-inner-column elementor-element elementor-element-1dc316a4\" data-id=\"1dc316a4\" data-element_type=\"column\" data-e-type=\"column\">\n\t\t\t<div class=\"elementor-widget-wrap elementor-element-populated\">\n\t\t\t\t\t\t<div class=\"elementor-element elementor-element-6a933f19 elementor-position-inline-start elementor-view-default elementor-mobile-position-block-start elementor-widget elementor-widget-icon-box\" data-id=\"6a933f19\" data-element_type=\"widget\" data-e-type=\"widget\" data-widget_type=\"icon-box.default\">\n\t\t\t\t<div class=\"elementor-widget-container\">\n\t\t\t\t\t\t\t<div class=\"elementor-icon-box-wrapper\">\n\n\t\t\t\t\t\t<div class=\"elementor-icon-box-icon\">\n\t\t\t\t<span  class=\"elementor-icon\">\n\t\t\t\t<i aria-hidden=\"true\" class=\"vamtamtheme- vamtam-theme-check-box\"><\/i>\t\t\t\t<\/span>\n\t\t\t<\/div>\n\t\t\t\n\t\t\t\t\t\t<div class=\"elementor-icon-box-content\">\n\n\t\t\t\t\t\t\t\t\t<h3 class=\"elementor-icon-box-title\">\n\t\t\t\t\t\t<span  >\n\t\t\t\t\t\t\tIT Service for You\t\t\t\t\t\t<\/span>\n\t\t\t\t\t<\/h3>\n\t\t\t\t\n\t\t\t\t\n\t\t\t<\/div>\n\t\t\t\n\t\t<\/div>\n\t\t\t\t\t\t<\/div>\n\t\t\t\t<\/div>\n\t\t\t\t<div class=\"elementor-element elementor-element-696be85a elementor-position-inline-start elementor-view-default elementor-mobile-position-block-start elementor-widget elementor-widget-icon-box\" data-id=\"696be85a\" data-element_type=\"widget\" data-e-type=\"widget\" data-widget_type=\"icon-box.default\">\n\t\t\t\t<div class=\"elementor-widget-container\">\n\t\t\t\t\t\t\t<div class=\"elementor-icon-box-wrapper\">\n\n\t\t\t\t\t\t<div class=\"elementor-icon-box-icon\">\n\t\t\t\t<span  class=\"elementor-icon\">\n\t\t\t\t<i aria-hidden=\"true\" class=\"vamtamtheme- vamtam-theme-check-box\"><\/i>\t\t\t\t<\/span>\n\t\t\t<\/div>\n\t\t\t\n\t\t\t\t\t\t<div class=\"elementor-icon-box-content\">\n\n\t\t\t\t\t\t\t\t\t<h3 class=\"elementor-icon-box-title\">\n\t\t\t\t\t\t<span  >\n\t\t\t\t\t\t\tPredictable Costs 24\/7\t\t\t\t\t\t<\/span>\n\t\t\t\t\t<\/h3>\n\t\t\t\t\n\t\t\t\t\n\t\t\t<\/div>\n\t\t\t\n\t\t<\/div>\n\t\t\t\t\t\t<\/div>\n\t\t\t\t<\/div>\n\t\t\t\t\t<\/div>\n\t\t<\/div>\n\t\t\t\t<div class=\"elementor-column elementor-col-50 elementor-inner-column elementor-element elementor-element-7629a27d\" data-id=\"7629a27d\" data-element_type=\"column\" data-e-type=\"column\">\n\t\t\t<div class=\"elementor-widget-wrap elementor-element-populated\">\n\t\t\t\t\t\t<div class=\"elementor-element elementor-element-6ca18f37 elementor-position-inline-start elementor-view-default elementor-mobile-position-block-start elementor-widget elementor-widget-icon-box\" data-id=\"6ca18f37\" data-element_type=\"widget\" data-e-type=\"widget\" data-widget_type=\"icon-box.default\">\n\t\t\t\t<div class=\"elementor-widget-container\">\n\t\t\t\t\t\t\t<div class=\"elementor-icon-box-wrapper\">\n\n\t\t\t\t\t\t<div class=\"elementor-icon-box-icon\">\n\t\t\t\t<span  class=\"elementor-icon\">\n\t\t\t\t<i aria-hidden=\"true\" class=\"vamtamtheme- vamtam-theme-check-box\"><\/i>\t\t\t\t<\/span>\n\t\t\t<\/div>\n\t\t\t\n\t\t\t\t\t\t<div class=\"elementor-icon-box-content\">\n\n\t\t\t\t\t\t\t\t\t<h3 class=\"elementor-icon-box-title\">\n\t\t\t\t\t\t<span  >\n\t\t\t\t\t\t\tKeeping Your Team Productive\t\t\t\t\t\t<\/span>\n\t\t\t\t\t<\/h3>\n\t\t\t\t\n\t\t\t\t\n\t\t\t<\/div>\n\t\t\t\n\t\t<\/div>\n\t\t\t\t\t\t<\/div>\n\t\t\t\t<\/div>\n\t\t\t\t<div class=\"elementor-element elementor-element-192419cf elementor-position-inline-start elementor-view-default elementor-mobile-position-block-start elementor-widget elementor-widget-icon-box\" data-id=\"192419cf\" data-element_type=\"widget\" data-e-type=\"widget\" data-widget_type=\"icon-box.default\">\n\t\t\t\t<div class=\"elementor-widget-container\">\n\t\t\t\t\t\t\t<div class=\"elementor-icon-box-wrapper\">\n\n\t\t\t\t\t\t<div class=\"elementor-icon-box-icon\">\n\t\t\t\t<span  class=\"elementor-icon\">\n\t\t\t\t<i aria-hidden=\"true\" class=\"vamtamtheme- vamtam-theme-check-box\"><\/i>\t\t\t\t<\/span>\n\t\t\t<\/div>\n\t\t\t\n\t\t\t\t\t\t<div class=\"elementor-icon-box-content\">\n\n\t\t\t\t\t\t\t\t\t<h3 class=\"elementor-icon-box-title\">\n\t\t\t\t\t\t<span  >\n\t\t\t\t\t\t\tOur Team is Ready to Help\t\t\t\t\t\t<\/span>\n\t\t\t\t\t<\/h3>\n\t\t\t\t\n\t\t\t\t\n\t\t\t<\/div>\n\t\t\t\n\t\t<\/div>\n\t\t\t\t\t\t<\/div>\n\t\t\t\t<\/div>\n\t\t\t\t\t<\/div>\n\t\t<\/div>\n\t\t\t\t\t<\/div>\n\t\t<\/section>\n\t\t\t\t\t<\/div>\n\t\t<\/div>\n\t\t\t\t\t<\/div>\n\t\t<\/section>\n\t\t\t\t<section class=\"elementor-section elementor-top-section elementor-element elementor-element-34876286 elementor-section-boxed elementor-section-height-default elementor-section-height-default\" data-id=\"34876286\" data-element_type=\"section\" data-e-type=\"section\">\n\t\t\t\t\t\t<div class=\"elementor-container elementor-column-gap-default\">\n\t\t\t\t\t<div class=\"elementor-column elementor-col-100 elementor-top-column elementor-element elementor-element-58aa64ce\" data-id=\"58aa64ce\" data-element_type=\"column\" data-e-type=\"column\" data-settings=\"{&quot;background_background&quot;:&quot;classic&quot;}\">\n\t\t\t<div class=\"elementor-widget-wrap elementor-element-populated\">\n\t\t\t\t\t\t<div class=\"elementor-element elementor-element-5ab675c0 elementor-widget elementor-widget-heading\" data-id=\"5ab675c0\" data-element_type=\"widget\" data-e-type=\"widget\" data-widget_type=\"heading.default\">\n\t\t\t\t<div class=\"elementor-widget-container\">\n\t\t\t\t\t<h3 class=\"elementor-heading-title elementor-size-default\">Benefits of managed IT services provided by  CIBS <\/h3>\t\t\t\t<\/div>\n\t\t\t\t<\/div>\n\t\t\t\t<div class=\"elementor-element elementor-element-18bd86e elementor-widget elementor-widget-text-editor\" data-id=\"18bd86e\" data-element_type=\"widget\" data-e-type=\"widget\" data-widget_type=\"text-editor.default\">\n\t\t\t\t<div class=\"elementor-widget-container\">\n\t\t\t\t\t\t\t\t\t<div class=\"flex-1 overflow-hidden\"><div class=\"react-scroll-to-bottom--css-zsnoo-79elbk h-full\"><div class=\"react-scroll-to-bottom--css-zsnoo-1n7m0yu\"><div class=\"flex flex-col text-sm pb-9\"><div class=\"w-full text-token-text-primary\" data-testid=\"conversation-turn-127\"><div class=\"px-4 py-2 justify-center text-base md:gap-6 m-auto\"><div class=\"flex flex-1 text-base mx-auto gap-3 md:px-5 lg:px-1 xl:px-5 md:max-w-3xl lg:max-w-[40rem] xl:max-w-[48rem] group final-completion\"><div class=\"relative flex w-full flex-col agent-turn\"><div class=\"flex-col gap-1 md:gap-3\"><div class=\"flex flex-grow flex-col max-w-full\"><div class=\"min-h-[20px] text-message flex flex-col items-start gap-3 whitespace-pre-wrap break-words [.text-message+&amp;]:mt-5 overflow-x-auto\" data-message-author-role=\"assistant\" data-message-id=\"52f10422-1524-4a9b-b0b9-23b0b3341feb\"><div class=\"markdown prose w-full break-words dark:prose-invert dark\"><p>Managed IT services provided by CIBS offer numerous benefits to organizations:<\/p><ul><li>Proactive Maintenance: CIBS ensures constant monitoring and proactive maintenance of IT<p>systems, identifying and addressing issues before they become serious.<\/p><p>This minimizes downtime and enhances system reliability.<\/p><\/li><li>Advanced Security: CIBS implements robust cybersecurity solutions to protect against<p>evolving threats, such as malware, ransomware, phishing attacks, and data breaches.<\/p><p>Regular security updates and patches maintain system security.<\/p><\/li><li>Scalability: CIBS&#8217; IT solutions are scalable, allowing organizations to adjust their resources<p>according to fluctuating business requirements.<\/p><p>This ensures that the IT infrastructure can grow alongside the organization.<\/p><\/li><li>Predictable Costs: Through CIBS&#8217; managed IT services, clients benefit from predictable<p>monthly or annual fees, facilitating budget planning, and eliminating unpleasant surprises.<\/p><\/li><li>Access to Expertise: CIBS provides access to a team of experienced IT professionals with<p>specialized skills and expertise, covering a wide range of technological domains.<\/p><p>This enables organizations to leverage the latest technology solutions and best practices in the industry.<\/p><\/li><li>Focus on Strategy: By outsourcing IT management responsibilities to CIBS, organizations can focus their<p>internal resources on strategic objectives and business growth.<\/p><p>These things allow for more efficient allocation of time and resources for innovation and development.<\/p><\/li><\/ul><\/div><\/div><\/div><div class=\"mt-1 flex justify-start gap-3 empty:hidden\"><div class=\"text-gray-400 flex self-end lg:self-center items-center justify-center lg:justify-start mt-0 -ml-1 h-7 gap-[2px] visible\"><div class=\"flex\">\u00a0<\/div><\/div><\/div><div class=\"pr-2 lg:pr-0\">\u00a0<\/div><\/div><div class=\"absolute\"><div class=\"flex w-full gap-2 items-center justify-center\">\u00a0<\/div><\/div><\/div><\/div><\/div><\/div><\/div><\/div><\/div><\/div><div class=\"w-full pt-2 md:pt-0 dark:border-white\/20 md:border-transparent md:dark:border-transparent md:w-[calc(100%-.5rem)]\"><form class=\"stretch mx-2 flex flex-row gap-3 last:mb-2 md:mx-4 md:last:mb-6 lg:mx-auto lg:max-w-2xl xl:max-w-3xl\"><div class=\"relative flex h-full flex-1 flex-col\"><div class=\"flex w-full items-center\">\u00a0<\/div><\/div><\/form><\/div>\t\t\t\t\t\t\t\t<\/div>\n\t\t\t\t<\/div>\n\t\t\t\t\t<\/div>\n\t\t<\/div>\n\t\t\t\t\t<\/div>\n\t\t<\/section>\n\t\t\t\t<\/div>\n\t\t","protected":false},"excerpt":{"rendered":"<p>De ce s\u0103 angajezi o singur\u0103 persoan\u0103 IT, c\u00e2nd po\u021bi avea o echip\u0103 \u00eentreag\u0103 de exper\u021bi IT la o frac\u021biune din cost?<\/p>","protected":false},"author":2,"featured_media":0,"parent":465,"menu_order":0,"comment_status":"closed","ping_status":"closed","template":"","meta":{"footnotes":""},"class_list":["post-469","page","type-page","status-publish","hentry"],"_links":{"self":[{"href":"https:\/\/delve.ro\/ro\/wp-json\/wp\/v2\/pages\/469","targetHints":{"allow":["GET"]}}],"collection":[{"href":"https:\/\/delve.ro\/ro\/wp-json\/wp\/v2\/pages"}],"about":[{"href":"https:\/\/delve.ro\/ro\/wp-json\/wp\/v2\/types\/page"}],"author":[{"embeddable":true,"href":"https:\/\/delve.ro\/ro\/wp-json\/wp\/v2\/users\/2"}],"replies":[{"embeddable":true,"href":"https:\/\/delve.ro\/ro\/wp-json\/wp\/v2\/comments?post=469"}],"version-history":[{"count":3,"href":"https:\/\/delve.ro\/ro\/wp-json\/wp\/v2\/pages\/469\/revisions"}],"predecessor-version":[{"id":992444,"href":"https:\/\/delve.ro\/ro\/wp-json\/wp\/v2\/pages\/469\/revisions\/992444"}],"up":[{"embeddable":true,"href":"https:\/\/delve.ro\/ro\/wp-json\/wp\/v2\/pages\/465"}],"wp:attachment":[{"href":"https:\/\/delve.ro\/ro\/wp-json\/wp\/v2\/media?parent=469"}],"curies":[{"name":"wp","href":"https:\/\/api.w.org\/{rel}","templated":true}]}}