{"id":475,"date":"2023-03-13T10:51:39","date_gmt":"2023-03-13T10:51:39","guid":{"rendered":"https:\/\/tecnologia.vamtam.com\/?page_id=475"},"modified":"2024-03-17T22:00:53","modified_gmt":"2024-03-17T22:00:53","slug":"mobile-development","status":"publish","type":"page","link":"https:\/\/delve.ro\/ro\/solutions\/mobile-development\/","title":{"rendered":"Dezvoltare Aplica\u021bii Mobile"},"content":{"rendered":"<div data-elementor-type=\"wp-page\" data-elementor-id=\"475\" class=\"elementor elementor-475\" data-elementor-post-type=\"page\">\n\t\t\t\t\t\t<section class=\"elementor-section elementor-top-section elementor-element elementor-element-706666ca elementor-section-content-middle elementor-reverse-mobile elementor-section-boxed elementor-section-height-default elementor-section-height-default\" data-id=\"706666ca\" data-element_type=\"section\" data-e-type=\"section\">\n\t\t\t\t\t\t<div class=\"elementor-container elementor-column-gap-no\">\n\t\t\t\t\t<div class=\"elementor-column elementor-col-50 elementor-top-column elementor-element elementor-element-6ce24e9\" data-id=\"6ce24e9\" data-element_type=\"column\" data-e-type=\"column\">\n\t\t\t<div class=\"elementor-widget-wrap elementor-element-populated\">\n\t\t\t\t\t\t<div class=\"elementor-element elementor-element-4325d116 elementor-widget elementor-widget-heading\" data-id=\"4325d116\" data-element_type=\"widget\" data-e-type=\"widget\" data-widget_type=\"heading.default\">\n\t\t\t\t<div class=\"elementor-widget-container\">\n\t\t\t\t\t<h3 class=\"elementor-heading-title elementor-size-default\">Dezvoltare Aplica\u021bii Mobile de CIBS<\/h3>\t\t\t\t<\/div>\n\t\t\t\t<\/div>\n\t\t\t\t<div class=\"elementor-element elementor-element-3d3a320 elementor-widget elementor-widget-text-editor\" data-id=\"3d3a320\" data-element_type=\"widget\" data-e-type=\"widget\" data-widget_type=\"text-editor.default\">\n\t\t\t\t<div class=\"elementor-widget-container\">\n\t\t\t\t\t\t\t\t\t<p>La CIBS, suntem dedica\u021bi transform\u0103rii viziunilor tale \u00een realitate \u00een domeniul mobilit\u0103\u021bii. Echipa noastr\u0103 de speciali\u0219ti \u00een dezvoltare mobil\u0103 este angajat\u0103 s\u0103 ofere solu\u021bii personalizate \u0219i inovatoare, adaptate nevoilor specifice ale afacerii tale. Fie c\u0103 \u00ee\u021bi dore\u0219ti o aplica\u021bie mobil\u0103 simpl\u0103 \u0219i intuitiv\u0103 sau o solu\u021bie mobil\u0103 complex\u0103 \u0219i scalabil\u0103, suntem preg\u0103ti\u021bi s\u0103 te sprijinim \u00een atingerea obiectivelor tale \u00een mediul mobil.<\/p><ul><li><p><b>Consultan\u021b\u0103 \u0219i Strategie Mobil\u0103 <\/b><br>\n\u00cenainte de a \u00eencepe procesul de dezvoltare mobil\u0103, colabor\u0103m \u00eendeaproape cu tine pentru a \u00een\u021belege afacerea ta, publicul \u021bint\u0103 \u0219i obiectivele strategice. Printr-o analiz\u0103 detaliat\u0103, identific\u0103m oportunit\u0103\u021bile cheie \u0219i dezvolt\u0103m o strategie mobil\u0103 personalizat\u0103 care s\u0103 te ajute s\u0103 te diferen\u021biezi pe pia\u021b\u0103 \u0219i s\u0103 \u00ee\u021bi atingi obiectivele de afaceri.<\/p><\/li><li><p><b>Design \u0219i Experien\u021b\u0103 a Utilizatorului (UX\/UI)<\/b><br>\nEchipa noastr\u0103 de designeri talenta\u021bi creeaz\u0103 interfe\u021be mobile captivante \u0219i intuitive, perfect aliniate cu identitatea vizual\u0103 a brandului t\u0103u. Ne concentr\u0103m pe realizarea unei experien\u021be de utilizare (UX) impecabile, care s\u0103 ofere o navigare fluid\u0103 \u0219i interac\u021biuni memorabile. De la wireframe-uri p\u00e2n\u0103 la prototipuri interactive, acord\u0103m aten\u021bie fiec\u0103rui detaliu pentru a livra cea mai bun\u0103 experien\u021b\u0103 posibil\u0103 utilizatorilor.<\/p><\/li><li><p><b>Dezvoltare Tehnic\u0103 Avansat\u0103 <\/b><br>\nEchipa noastr\u0103 de dezvoltare mobil\u0103 utilizeaz\u0103 cele mai noi tehnologii \u0219i framework-uri pentru a crea aplica\u021bii mobile robuste, sigure \u0219i scalabile. Fie c\u0103 este vorba de dezvoltare nativ\u0103 pentru iOS \u0219i Android sau de solu\u021bii cross-platform, suntem specializa\u021bi \u00een tehnologii precum Swift, Kotlin, React Native, Flutter \u0219i multe altele. De la dezvoltarea func\u021bionalit\u0103\u021bilor de baz\u0103 p\u00e2n\u0103 la integrarea API-urilor complexe, punem bazele unei aplica\u021bii mobile performante \u0219i fiabile.<\/p><\/li><li><p><b>Testare \u0219i Asigurarea Calit\u0103\u021bii <\/b><br>\nCalitatea este o component\u0103 esen\u021bial\u0103 a fiec\u0103rui proiect de dezvoltare mobil\u0103 la CIBS. Realiz\u0103m test\u0103ri riguroase pentru a ne asigura c\u0103 aplica\u021bia ta func\u021bioneaz\u0103 perfect pe toate dispozitivele \u0219i platformele. De la testarea unitar\u0103 p\u00e2n\u0103 la testarea interfe\u021bei utilizatorului \u0219i testarea compatibilit\u0103\u021bii, verific\u0103m fiecare aspect pentru a garanta c\u0103 aplica\u021bia este impecabil\u0103 \u00eenainte de lansarea public\u0103.<\/p><\/li><li><p><b>Implementare \u0219i Suport Continu<\/b><br>\nLansarea unei aplica\u021bii mobile este doar \u00eenceputul. La CIBS, te \u00eenso\u021bim pe tot parcursul c\u0103l\u0103toriei tale \u00een mediul mobil. Oferim suport tehnic \u0219i mentenan\u021b\u0103 continu\u0103 pentru a ne asigura c\u0103 aplica\u021bia ta r\u0103m\u00e2ne actualizat\u0103, sigur\u0103 \u0219i func\u021bioneaz\u0103 la performan\u021be optime. De la actualiz\u0103ri de securitate p\u00e2n\u0103 la \u00eembun\u0103t\u0103\u021biri de performan\u021b\u0103, suntem aici pentru a te ajuta s\u0103 ob\u021bii cele mai bune rezultate din aplica\u021bia ta mobil\u0103.<\/p><\/li><\/ul><p>Indiferent de natura proiectului t\u0103u de dezvoltare mobil\u0103, CIBS \u00ee\u021bi ofer\u0103 expertiza \u0219i resursele necesare pentru a transforma ideile tale \u00een aplica\u021bii mobile de succes. Contacteaz\u0103-ne ast\u0103zi pentru a \u00eencepe colaborarea \u0219i pentru a aduce viziunea ta la via\u021b\u0103 \u00een mediul mobil!<\/p>\t\t\t\t\t\t\t\t<\/div>\n\t\t\t\t<\/div>\n\t\t\t\t\t<\/div>\n\t\t<\/div>\n\t\t\t\t<div class=\"elementor-column elementor-col-50 elementor-top-column elementor-element elementor-element-77b1b5d1\" data-id=\"77b1b5d1\" data-element_type=\"column\" data-e-type=\"column\" data-settings=\"{&quot;background_background&quot;:&quot;classic&quot;}\">\n\t\t\t<div class=\"elementor-widget-wrap elementor-element-populated\">\n\t\t\t\t\t\t<div class=\"elementor-element elementor-element-7e39ba98 elementor-widget elementor-widget-spacer\" data-id=\"7e39ba98\" data-element_type=\"widget\" data-e-type=\"widget\" data-widget_type=\"spacer.default\">\n\t\t\t\t<div class=\"elementor-widget-container\">\n\t\t\t\t\t\t\t<div class=\"elementor-spacer\">\n\t\t\t<div class=\"elementor-spacer-inner\"><\/div>\n\t\t<\/div>\n\t\t\t\t\t\t<\/div>\n\t\t\t\t<\/div>\n\t\t\t\t\t<\/div>\n\t\t<\/div>\n\t\t\t\t\t<\/div>\n\t\t<\/section>\n\t\t\t\t<\/div>","protected":false},"excerpt":{"rendered":"<p>De ce s\u0103 angajezi o singur\u0103 persoan\u0103 IT, c\u00e2nd po\u021bi avea o echip\u0103 \u00eentreag\u0103 de exper\u021bi IT la o frac\u021biune din cost?<\/p>","protected":false},"author":2,"featured_media":0,"parent":465,"menu_order":0,"comment_status":"closed","ping_status":"closed","template":"","meta":{"footnotes":""},"class_list":["post-475","page","type-page","status-publish","hentry"],"_links":{"self":[{"href":"https:\/\/delve.ro\/ro\/wp-json\/wp\/v2\/pages\/475","targetHints":{"allow":["GET"]}}],"collection":[{"href":"https:\/\/delve.ro\/ro\/wp-json\/wp\/v2\/pages"}],"about":[{"href":"https:\/\/delve.ro\/ro\/wp-json\/wp\/v2\/types\/page"}],"author":[{"embeddable":true,"href":"https:\/\/delve.ro\/ro\/wp-json\/wp\/v2\/users\/2"}],"replies":[{"embeddable":true,"href":"https:\/\/delve.ro\/ro\/wp-json\/wp\/v2\/comments?post=475"}],"version-history":[{"count":0,"href":"https:\/\/delve.ro\/ro\/wp-json\/wp\/v2\/pages\/475\/revisions"}],"up":[{"embeddable":true,"href":"https:\/\/delve.ro\/ro\/wp-json\/wp\/v2\/pages\/465"}],"wp:attachment":[{"href":"https:\/\/delve.ro\/ro\/wp-json\/wp\/v2\/media?parent=475"}],"curies":[{"name":"wp","href":"https:\/\/api.w.org\/{rel}","templated":true}]}}