{"id":988903,"date":"2025-07-07T12:55:05","date_gmt":"2025-07-07T12:55:05","guid":{"rendered":"https:\/\/gpss.ro\/?page_id=988903"},"modified":"2025-10-05T16:05:20","modified_gmt":"2025-10-05T13:05:20","slug":"news","status":"publish","type":"page","link":"https:\/\/delve.ro\/ro\/news\/","title":{"rendered":"News"},"content":{"rendered":"<div class=\"gpss-language-switcher\" style=\"margin-bottom: 20px; padding: 15px; background: #f0f9ff; border-left: 4px solid #3b82f6; border-radius: 8px;\">\n            <div style=\"display: flex; align-items: center; justify-content: space-between; flex-wrap: wrap; gap: 10px;\">\n                <div style=\"display: flex; align-items: center; gap: 10px;\">\n                    <span style=\"font-weight: 600; color: #1e40af;\">\ud83c\udf0d Limb\u0103 \/ Language:<\/span>\n                    <button onclick=\"switchLanguage('en')\" id=\"btn-lang-en\" class=\"lang-btn lang-btn-active\" style=\"padding: 8px 16px; background: #3b82f6; color: white; border: none; border-radius: 6px; cursor: pointer; font-weight: 600; transition: all 0.3s;\">\n                        \ud83c\uddec\ud83c\udde7 English (Original)\n                    <\/button>\n                    <button onclick=\"switchLanguage('ro')\" id=\"btn-lang-ro\" class=\"lang-btn\" style=\"padding: 8px 16px; background: #e5e7eb; color: #374151; border: none; border-radius: 6px; cursor: pointer; font-weight: 600; transition: all 0.3s;\">\n                        \ud83c\uddf7\ud83c\uddf4 Rom\u00e2n\u0103\n                    <\/button>\n                <\/div>\n                <small style=\"color: #6b7280; font-style: italic;\">Traducere automat\u0103 \/ Automatic translation<\/small>\n            <\/div>\n        <\/div>\n\n        <div id=\"content-en\" class=\"lang-content\" style=\"display: block;\">\n            <div class=\"article-content\">Russian\u2011aligned hacktivist groups continue to target UK organisations with disruptive cyber attacks<\/div>\n        <\/div>\n\n        <div id=\"content-ro\" class=\"lang-content\" style=\"display: none;\">\n            <div class=\"article-content\"><?xml encoding=\"UTF-8\"><p>Grupurile hacktiviste aliniate Rusiei continu&#259; s&#259; vizeze organiza&#539;iile din Marea Britanie cu atacuri cibernetice perturbatoare<\/p><\/div>\n        <\/div>\n\n        <script>\n        function switchLanguage(lang) {\n            \/\/ Ascunde ambele versiuni\n            document.getElementById(\"content-ro\").style.display = \"none\";\n            document.getElementById(\"content-en\").style.display = \"none\";\n\n            \/\/ Reseteaz\u0103 stilurile butoanelor\n            document.querySelectorAll(\".lang-btn\").forEach(function(btn) {\n                btn.style.background = \"#e5e7eb\";\n                btn.style.color = \"#374151\";\n                btn.classList.remove(\"lang-btn-active\");\n            });\n\n            \/\/ Afi\u0219eaz\u0103 versiunea selectat\u0103\n            if (lang === \"ro\") {\n                document.getElementById(\"content-ro\").style.display = \"block\";\n                document.getElementById(\"btn-lang-ro\").style.background = \"#3b82f6\";\n                document.getElementById(\"btn-lang-ro\").style.color = \"white\";\n                document.getElementById(\"btn-lang-ro\").classList.add(\"lang-btn-active\");\n            } else {\n                document.getElementById(\"content-en\").style.display = \"block\";\n                document.getElementById(\"btn-lang-en\").style.background = \"#3b82f6\";\n                document.getElementById(\"btn-lang-en\").style.color = \"white\";\n                document.getElementById(\"btn-lang-en\").classList.add(\"lang-btn-active\");\n            }\n\n            \/\/ Salveaz\u0103 preferin\u021ba \u00een localStorage\n            localStorage.setItem(\"gpss_preferred_language\", lang);\n        }\n\n        \/\/ Restaureaz\u0103 preferin\u021ba utilizatorului la \u00eenc\u0103rcare\n        document.addEventListener(\"DOMContentLoaded\", function() {\n            var preferredLang = localStorage.getItem(\"gpss_preferred_language\") || \"ro\";\n            switchLanguage(preferredLang);\n        });\n\n        \/\/ Hover effects pentru butoane\n        document.querySelectorAll(\".lang-btn\").forEach(function(btn) {\n            btn.addEventListener(\"mouseenter\", function() {\n                if (!this.classList.contains(\"lang-btn-active\")) {\n                    this.style.background = \"#bfdbfe\";\n                    this.style.color = \"#1e40af\";\n                }\n            });\n            btn.addEventListener(\"mouseleave\", function() {\n                if (!this.classList.contains(\"lang-btn-active\")) {\n                    this.style.background = \"#e5e7eb\";\n                    this.style.color = \"#374151\";\n                }\n            });\n        });\n        <\/script>\n\n        <style>\n        .lang-btn:hover {\n            transform: translateY(-2px);\n            box-shadow: 0 4px 12px rgba(59, 130, 246, 0.3);\n        }\n        .lang-btn-active {\n            box-shadow: 0 4px 12px rgba(59, 130, 246, 0.4);\n        }\n        <\/style>","protected":false},"excerpt":{"rendered":"<p>\ud83c\udf0d Limb\u0103 \/ Language: \ud83c\uddec\ud83c\udde7 English (Original) \ud83c\uddf7\ud83c\uddf4 Rom\u00e2n\u0103 Traducere automat\u0103 \/ Automatic translation Russian\u2011aligned hacktivist groups continue to target UK organisations with disruptive cyber attacks Grupurile hacktiviste aliniate Rusiei continu&#259; s&#259; vizeze organiza&#539;iile din Marea Britanie cu atacuri cibernetice perturbatoare<\/p>","protected":false},"author":2,"featured_media":0,"parent":0,"menu_order":0,"comment_status":"closed","ping_status":"closed","template":"","meta":{"footnotes":""},"class_list":["post-988903","page","type-page","status-publish","hentry"],"_links":{"self":[{"href":"https:\/\/delve.ro\/ro\/wp-json\/wp\/v2\/pages\/988903","targetHints":{"allow":["GET"]}}],"collection":[{"href":"https:\/\/delve.ro\/ro\/wp-json\/wp\/v2\/pages"}],"about":[{"href":"https:\/\/delve.ro\/ro\/wp-json\/wp\/v2\/types\/page"}],"author":[{"embeddable":true,"href":"https:\/\/delve.ro\/ro\/wp-json\/wp\/v2\/users\/2"}],"replies":[{"embeddable":true,"href":"https:\/\/delve.ro\/ro\/wp-json\/wp\/v2\/comments?post=988903"}],"version-history":[{"count":91,"href":"https:\/\/delve.ro\/ro\/wp-json\/wp\/v2\/pages\/988903\/revisions"}],"predecessor-version":[{"id":990298,"href":"https:\/\/delve.ro\/ro\/wp-json\/wp\/v2\/pages\/988903\/revisions\/990298"}],"wp:attachment":[{"href":"https:\/\/delve.ro\/ro\/wp-json\/wp\/v2\/media?parent=988903"}],"curies":[{"name":"wp","href":"https:\/\/api.w.org\/{rel}","templated":true}]}}